{"id":129,"date":"2020-02-18T15:21:43","date_gmt":"2020-02-18T13:21:43","guid":{"rendered":"https:\/\/skargardensskogstjanst.fi\/etusivu\/"},"modified":"2020-04-03T08:17:15","modified_gmt":"2020-04-03T05:17:15","slug":"etusivu","status":"publish","type":"page","link":"https:\/\/skargardensskogstjanst.fi\/sv\/","title":{"rendered":"Huvudsida"},"content":{"rendered":"<p>[et_pb_section fb_built=&#8221;1&#8243; _builder_version=&#8221;4.3.2&#8243; use_background_color_gradient=&#8221;on&#8221; background_color_gradient_start=&#8221;rgba(0,43,23,0.97)&#8221; background_color_gradient_end=&#8221;#000000&#8243; background_color_gradient_direction=&#8221;124deg&#8221; background_color_gradient_overlays_image=&#8221;on&#8221; custom_padding=&#8221;8px||33px|||&#8221;][et_pb_row column_structure=&#8221;1_2,1_2&#8243; _builder_version=&#8221;4.3.2&#8243; max_width=&#8221;1444px&#8221; custom_padding=&#8221;2px|||||&#8221;][et_pb_column type=&#8221;1_2&#8243; _builder_version=&#8221;4.3.2&#8243;][et_pb_image src=&#8221;https:\/\/skargardensskogstjanst.fi\/wp-content\/uploads\/Viktor-Johansson-15_nelio-1.jpg&#8221; _builder_version=&#8221;4.3.2&#8243; custom_margin=&#8221;54px|||||&#8221; hover_enabled=&#8221;0&#8243; custom_margin_last_edited=&#8221;on|phone&#8221; custom_margin_phone=&#8221;2vh||||false|false&#8221;][\/et_pb_image][et_pb_text _builder_version=&#8221;4.3.2&#8243; text_text_color=&#8221;rgba(96,96,96,0.52)&#8221; custom_margin=&#8221;-4vh||||false|false&#8221; hover_enabled=&#8221;0&#8243;]<\/p>\n<p style=\"text-align: right;\">Bild: Erik Saarela<\/p>\n<p>[\/et_pb_text][\/et_pb_column][et_pb_column type=&#8221;1_2&#8243; _builder_version=&#8221;4.3.2&#8243;][et_pb_text admin_label=&#8221;Text&#8221; _builder_version=&#8221;4.3.2&#8243; header_font=&#8221;|800|||||||&#8221; header_text_color=&#8221;#ffffff&#8221; header_font_size=&#8221;82px&#8221; header_2_text_color=&#8221;#ffffff&#8221; header_2_font_size=&#8221;25px&#8221; background_size=&#8221;initial&#8221; background_position=&#8221;top_left&#8221; background_repeat=&#8221;repeat&#8221; custom_margin=&#8221;27vh|||-15vh|false|false&#8221; hover_enabled=&#8221;0&#8243; header_text_shadow_style=&#8221;preset1&#8243; header_text_shadow_color=&#8221;#000000&#8243; header_2_text_shadow_style=&#8221;preset1&#8243; custom_margin_last_edited=&#8221;on|phone&#8221; custom_margin_phone=&#8221;-2vh|||0vh|false|false&#8221; header_font_size_last_edited=&#8221;on|phone&#8221; header_font_size_phone=&#8221;34px&#8221; header_2_font_size_last_edited=&#8221;on|phone&#8221; header_2_font_size_phone=&#8221;17px&#8221; custom_margin_tablet=&#8221;-25vh|||0vh|false|false&#8221; header_font_size_tablet=&#8221;41px&#8221; header_2_font_size_tablet=&#8221;19px&#8221; custom_padding=&#8221;|||2vh|false|false&#8221;]<\/p>\n<h1>Sk\u00e4rg\u00e5rdens Skogstj\u00e4nst<\/h1>\n<h2>F\u00e4llning av problemtr\u00e4d med centralort Pargas, verksamhetsomr\u00e5det enligt kundens behov och i hela Sk\u00e4rg\u00e5rden.<\/h2>\n<p>[\/et_pb_text][\/et_pb_column][\/et_pb_row][\/et_pb_section][et_pb_section fb_built=&#8221;1&#8243; _builder_version=&#8221;4.3.2&#8243; custom_padding=&#8221;8vh||10vh||false|false&#8221; hover_enabled=&#8221;0&#8243; custom_padding_last_edited=&#8221;on|tablet&#8221; custom_padding_tablet=&#8221;3vh||10vh||false|false&#8221;][et_pb_row column_structure=&#8221;2_5,3_5&#8243; use_custom_gutter=&#8221;on&#8221; gutter_width=&#8221;2&#8243; make_equal=&#8221;on&#8221; _builder_version=&#8221;4.3.2&#8243; max_width=&#8221;1222px&#8221; module_alignment=&#8221;center&#8221; custom_margin=&#8221;|auto||411px||&#8221;][et_pb_column type=&#8221;2_5&#8243; _builder_version=&#8221;4.3.2&#8243;][et_pb_image _builder_version=&#8221;4.3.2&#8243;][\/et_pb_image][et_pb_image src=&#8221;https:\/\/skargardensskogstjanst.fi\/wp-content\/uploads\/IMG-20200402-WA0000.jpg&#8221; _builder_version=&#8221;4.3.2&#8243; hover_enabled=&#8221;0&#8243;][\/et_pb_image][\/et_pb_column][et_pb_column type=&#8221;3_5&#8243; _builder_version=&#8221;4.3.2&#8243; custom_padding=&#8221;3vh||||false|false&#8221;][et_pb_text _builder_version=&#8221;4.3.2&#8243; header_2_font=&#8221;|600|||||||&#8221; header_2_font_size=&#8221;27px&#8221; header_2_line_height=&#8221;1.2em&#8221; header_3_font=&#8221;|600|||||||&#8221; custom_margin=&#8221;||5px||false|false&#8221;]<\/p>\n<h3><span>Vi f\u00e4ller alla problemtr\u00e4d &#8211; \u00e4ven de mest kr\u00e4vande<\/span><\/h3>\n<p>[\/et_pb_text][et_pb_text _builder_version=&#8221;4.3.2&#8243; text_font_size=&#8221;17px&#8221; custom_margin=&#8221;||55px|||&#8221;]<\/p>\n<p>Vi tar oss an\u00a0alla problemtr\u00e4d. Med kunskap, l\u00e4mplig och m\u00e5ngsidiutrustning f\u00e4ller vi, som yrkesm\u00e4n, problemtr\u00e4den ( t.ex ruttna \/skadade) \u00e4ven p\u00e5 kr\u00e4vande st\u00e4llen, s\u00e5som bredvid hus, el-linje eller vid v\u00e4gkanten.<\/p>\n<p>Ofta kr\u00e4vs det att vi kl\u00e4ttrar ner tr\u00e4det och det rekommenderar vi inte att ni provar sj\u00e4lva. Om kunden vill kvistar vi stammen och kapar den i mindre bitar.<\/p>\n<p>Vi utf\u00f6r \u00e4ven stubbfr\u00e4sning samt st\u00e4dar bort kvistar och riskor.\u00a0Vi kan \u00e4ven transportera bort virket om det finns fast v\u00e4gf\u00f6rbindelse.\u00a0<\/p>\n<p>[\/et_pb_text][et_pb_text _builder_version=&#8221;4.3.2&#8243; header_2_font=&#8221;|600|||||||&#8221; header_2_font_size=&#8221;27px&#8221; header_2_line_height=&#8221;1.2em&#8221; custom_margin=&#8221;||5px||false|false&#8221;]<\/p>\n<h2><span>Vi \u00e4r ett skogsf\u00f6retag med centralort Pargas.<\/span><\/h2>\n<p>[\/et_pb_text][et_pb_text _builder_version=&#8221;4.3.2&#8243; text_font_size=&#8221;17px&#8221;]<\/p>\n<p>Vi utf\u00f6r jobb i Egentliga-Finland, men mest i V\u00e4st\u00e5boland. Vi har egen b\u00e5t, vilket betyder att vi \u00e4ven utf\u00f6r v\u00e5ra tj\u00e4nster i sk\u00e4rg\u00e5rden.<\/p>\n<p>[\/et_pb_text][et_pb_text _builder_version=&#8221;4.3.2&#8243; header_2_font=&#8221;|600|||||||&#8221; header_2_font_size=&#8221;27px&#8221; header_2_line_height=&#8221;1.2em&#8221; custom_margin=&#8221;56px||5px||false|false&#8221;]<\/p>\n<h2>F\u00f6r kundens b\u00e4sta<\/h2>\n<p>[\/et_pb_text][et_pb_text _builder_version=&#8221;4.3.2&#8243; text_font_size=&#8221;17px&#8221;]<\/p>\n<p>Alla jobb \u00e4r viktiga f\u00f6r oss. Vi jobbar s\u00e5 att kunden kan lita p\u00e5 att f\u00e5 b\u00e4sta m\u00f6jliga service. Anlitar ni oss kan ni k\u00e4nna er trygg.\u00a0 Vi l\u00e4mnar efter oss ett proffsigt och snyggt arbete!<\/p>\n<p>[\/et_pb_text][\/et_pb_column][\/et_pb_row][\/et_pb_section][et_pb_section fb_built=&#8221;1&#8243; _builder_version=&#8221;4.3.2&#8243; background_enable_color=&#8221;off&#8221; use_background_color_gradient=&#8221;on&#8221; background_color_gradient_start=&#8221;rgba(0,43,23,0.86)&#8221; background_color_gradient_end=&#8221;rgba(0,0,0,0.8)&#8221; background_color_gradient_direction=&#8221;60deg&#8221; background_color_gradient_overlays_image=&#8221;on&#8221; background_image=&#8221;https:\/\/skargardensskogstjanst.fi\/wp-content\/uploads\/20190603_082704.jpg&#8221; custom_padding=&#8221;8vh||8vh||true|false&#8221;][et_pb_row _builder_version=&#8221;4.3.2&#8243;][et_pb_column type=&#8221;4_4&#8243; _builder_version=&#8221;4.3.2&#8243;][et_pb_text _builder_version=&#8221;4.3.2&#8243; header_3_font=&#8221;|600|||||||&#8221; header_3_text_align=&#8221;center&#8221; header_3_text_color=&#8221;#ffffff&#8221;]<\/p>\n<h3>Kalla ett proffs f\u00f6r hj\u00e4lp. <\/h3>\n<p>[\/et_pb_text][et_pb_button button_url=&#8221;tel:0451374045&#8243; button_text=&#8221;045 137 4045&#8243; button_alignment=&#8221;center&#8221; _builder_version=&#8221;4.3.2&#8243; custom_button=&#8221;on&#8221; button_text_color=&#8221;#ffffff&#8221; button_bg_color=&#8221;#00b760&#8243; button_border_width=&#8221;4px&#8221; button_border_color=&#8221;#00b760&#8243; button_font=&#8221;Exo 2|600|||||||&#8221; button_icon=&#8221;%%104%%&#8221; button_icon_color=&#8221;#ffffff&#8221; button_icon_placement=&#8221;left&#8221; custom_css_main_element=&#8221;max-width: 360px;||width: 100%;||text-align: center;&#8221; button_bg_color__hover_enabled=&#8221;off|desktop&#8221; button_bg_color__hover=&#8221;rgba(0,0,0,0)&#8221; button_bg_enable_color__hover=&#8221;on&#8221;][\/et_pb_button][\/et_pb_column][\/et_pb_row][\/et_pb_section][et_pb_section fb_built=&#8221;1&#8243; module_id=&#8221;tjanster&#8221; _builder_version=&#8221;4.3.2&#8243; custom_padding=&#8221;8vh||8vh||true|false&#8221; hover_enabled=&#8221;0&#8243; custom_padding_last_edited=&#8221;on|tablet&#8221; custom_padding_tablet=&#8221;8vh||0vh||false|false&#8221;][et_pb_row _builder_version=&#8221;4.3.2&#8243; max_width=&#8221;1222px&#8221;][et_pb_column type=&#8221;4_4&#8243; _builder_version=&#8221;4.3.2&#8243;][et_pb_text _builder_version=&#8221;4.3.2&#8243; header_2_font=&#8221;|800|||||||&#8221; header_2_text_align=&#8221;center&#8221; header_2_font_size=&#8221;65px&#8221; text_orientation=&#8221;center&#8221; custom_margin=&#8221;||5px||false|false&#8221; hover_enabled=&#8221;0&#8243; header_2_font_size_tablet=&#8221;&#8221; header_2_font_size_phone=&#8221;45px&#8221; header_2_font_size_last_edited=&#8221;on|desktop&#8221;]<\/p>\n<h2>Tj\u00e4nster<\/h2>\n<p>[\/et_pb_text][et_pb_divider color=&#8221;#ccc&#8221; divider_weight=&#8221;1px&#8221; _builder_version=&#8221;4.3.2&#8243; width=&#8221;80%&#8221; module_alignment=&#8221;center&#8221; custom_margin=&#8221;||0px||false|false&#8221;][\/et_pb_divider][et_pb_text ul_type=&#8221;circle&#8221; _builder_version=&#8221;4.3.2&#8243; text_font_size=&#8221;15px&#8221; ul_text_align=&#8221;left&#8221; ul_line_height=&#8221;1.5em&#8221; header_3_font=&#8221;|600|||||||&#8221; header_3_text_align=&#8221;center&#8221; header_3_font_size=&#8221;23px&#8221; text_orientation=&#8221;center&#8221;]<\/p>\n<p>Gratis utv\u00e4rderingsbes\u00f6k p\u00e5 fastlandet.<br \/>\nTr\u00e4dm\u00e4rkning fotografier kan vara till god hj\u00e4lp i sk\u00e4rg\u00e5rden.<\/p>\n<p>[\/et_pb_text][\/et_pb_column][\/et_pb_row][et_pb_row column_structure=&#8221;1_3,1_3,1_3&#8243; use_custom_gutter=&#8221;on&#8221; gutter_width=&#8221;2&#8243; make_equal=&#8221;on&#8221; _builder_version=&#8221;4.3.2&#8243; max_width=&#8221;1222px&#8221;][et_pb_column type=&#8221;1_3&#8243; _builder_version=&#8221;4.3.2&#8243; background_color=&#8221;#01b562&#8243; custom_padding=&#8221;2rem|2rem|2rem|2rem|true|true&#8221;][et_pb_text ul_type=&#8221;circle&#8221; _builder_version=&#8221;4.3.2&#8243; text_font_size=&#8221;15px&#8221; ul_text_align=&#8221;left&#8221; ul_line_height=&#8221;1.5em&#8221; header_3_font=&#8221;|600|||||||&#8221; header_3_text_align=&#8221;center&#8221; header_3_text_color=&#8221;#ffffff&#8221; header_3_font_size=&#8221;23px&#8221; text_orientation=&#8221;center&#8221;]<\/p>\n<h3>Problemtr\u00e4df\u00e4llningar\u00a0<\/h3>\n<p>[\/et_pb_text][\/et_pb_column][et_pb_column type=&#8221;1_3&#8243; _builder_version=&#8221;4.3.2&#8243; background_color=&#8221;#01b562&#8243; custom_padding=&#8221;2rem|2rem|2rem|2rem|true|true&#8221;][et_pb_text ul_type=&#8221;circle&#8221; _builder_version=&#8221;4.3.2&#8243; text_font_size=&#8221;15px&#8221; ul_text_align=&#8221;left&#8221; ul_line_height=&#8221;1.5em&#8221; header_3_font=&#8221;|600|||||||&#8221; header_3_text_align=&#8221;center&#8221; header_3_text_color=&#8221;#ffffff&#8221; header_3_font_size=&#8221;23px&#8221; text_orientation=&#8221;center&#8221;]<\/p>\n<h3>Tr\u00e4dkl\u00e4ttringar<\/h3>\n<p>[\/et_pb_text][\/et_pb_column][et_pb_column type=&#8221;1_3&#8243; _builder_version=&#8221;4.3.2&#8243; background_color=&#8221;#01b562&#8243; custom_padding=&#8221;2rem|2rem|2rem|2rem|true|true&#8221;][et_pb_text ul_type=&#8221;circle&#8221; _builder_version=&#8221;4.3.2&#8243; text_font_size=&#8221;15px&#8221; ul_text_align=&#8221;left&#8221; ul_line_height=&#8221;1.5em&#8221; header_3_font=&#8221;|600|||||||&#8221; header_3_text_align=&#8221;center&#8221; header_3_text_color=&#8221;#ffffff&#8221; header_3_font_size=&#8221;23px&#8221; text_orientation=&#8221;center&#8221;]<\/p>\n<h3>Stubbfr\u00e4sningar<\/h3>\n<p>[\/et_pb_text][\/et_pb_column][\/et_pb_row][et_pb_row column_structure=&#8221;1_3,1_3,1_3&#8243; use_custom_gutter=&#8221;on&#8221; gutter_width=&#8221;2&#8243; make_equal=&#8221;on&#8221; _builder_version=&#8221;4.3.2&#8243; max_width=&#8221;1222px&#8221; custom_padding=&#8221;0px||||false|false&#8221;][et_pb_column type=&#8221;1_3&#8243; _builder_version=&#8221;4.3.2&#8243; background_color=&#8221;#01b562&#8243; custom_padding=&#8221;2rem|2rem|2rem|2rem|true|true&#8221;][et_pb_text ul_type=&#8221;circle&#8221; _builder_version=&#8221;4.3.2&#8243; text_font_size=&#8221;15px&#8221; ul_text_align=&#8221;left&#8221; ul_line_height=&#8221;1.5em&#8221; header_3_font=&#8221;|600|||||||&#8221; header_3_text_align=&#8221;center&#8221; header_3_text_color=&#8221;#ffffff&#8221; header_3_font_size=&#8221;23px&#8221; text_orientation=&#8221;center&#8221;]<\/p>\n<h3>Bortk\u00f6rning av tr\u00e4d och riskor<\/h3>\n<p>[\/et_pb_text][\/et_pb_column][et_pb_column type=&#8221;1_3&#8243; _builder_version=&#8221;4.3.2&#8243; background_color=&#8221;#01b562&#8243; custom_padding=&#8221;2rem|2rem|2rem|2rem|true|true&#8221;][et_pb_text ul_type=&#8221;circle&#8221; _builder_version=&#8221;4.3.2&#8243; text_font_size=&#8221;15px&#8221; ul_text_align=&#8221;left&#8221; ul_line_height=&#8221;1.5em&#8221; header_3_font=&#8221;|600|||||||&#8221; header_3_text_align=&#8221;center&#8221; header_3_text_color=&#8221;#ffffff&#8221; header_3_font_size=&#8221;23px&#8221; text_orientation=&#8221;center&#8221;]<\/p>\n<h3>Energiklippningar\u00a0<\/h3>\n<p>[\/et_pb_text][\/et_pb_column][et_pb_column type=&#8221;1_3&#8243; _builder_version=&#8221;4.3.2&#8243; background_color=&#8221;#01b562&#8243; custom_padding=&#8221;2rem|2rem|2rem|2rem|true|true&#8221;][et_pb_text ul_type=&#8221;circle&#8221; _builder_version=&#8221;4.3.2&#8243; text_font_size=&#8221;15px&#8221; ul_text_align=&#8221;left&#8221; ul_line_height=&#8221;1.5em&#8221; header_3_font=&#8221;|600|||||||&#8221; header_3_text_align=&#8221;center&#8221; header_3_text_color=&#8221;#ffffff&#8221; header_3_font_size=&#8221;23px&#8221; text_orientation=&#8221;center&#8221;]<\/p>\n<h3>Tr\u00e4df\u00e4llningar \u00e4ven ute i sk\u00e4rg\u00e5rden<\/h3>\n<p>[\/et_pb_text][\/et_pb_column][\/et_pb_row][et_pb_row column_structure=&#8221;1_3,1_3,1_3&#8243; use_custom_gutter=&#8221;on&#8221; gutter_width=&#8221;2&#8243; make_equal=&#8221;on&#8221; _builder_version=&#8221;4.3.2&#8243; max_width=&#8221;1222px&#8221; custom_padding=&#8221;0px||||false|false&#8221; hover_enabled=&#8221;0&#8243; custom_padding_last_edited=&#8221;on|tablet&#8221; custom_padding_tablet=&#8221;||0px||false|false&#8221;][et_pb_column type=&#8221;1_3&#8243; _builder_version=&#8221;4.3.2&#8243; background_color=&#8221;#01b562&#8243; custom_padding=&#8221;2rem|2rem|2rem|2rem|true|true&#8221;][et_pb_text ul_type=&#8221;circle&#8221; _builder_version=&#8221;4.3.2&#8243; text_font_size=&#8221;15px&#8221; ul_text_align=&#8221;left&#8221; ul_line_height=&#8221;1.5em&#8221; header_3_font=&#8221;|600|||||||&#8221; header_3_text_align=&#8221;center&#8221; header_3_text_color=&#8221;#ffffff&#8221; header_3_font_size=&#8221;23px&#8221; text_orientation=&#8221;center&#8221;]<\/p>\n<h3>Medelstora hyggen<\/h3>\n<p>[\/et_pb_text][\/et_pb_column][et_pb_column type=&#8221;1_3&#8243; _builder_version=&#8221;4.3.2&#8243;][\/et_pb_column][et_pb_column type=&#8221;1_3&#8243; _builder_version=&#8221;4.3.2&#8243;][\/et_pb_column][\/et_pb_row][\/et_pb_section][et_pb_section fb_built=&#8221;1&#8243; module_id=&#8221;galleri&#8221; _builder_version=&#8221;4.3.2&#8243; custom_padding=&#8221;8vh||8vh||true|false&#8221; hover_enabled=&#8221;0&#8243; custom_padding_last_edited=&#8221;on|tablet&#8221; custom_padding_tablet=&#8221;0vh||8vh||false|false&#8221;][et_pb_row _builder_version=&#8221;4.3.2&#8243; max_width=&#8221;1222px&#8221;][et_pb_column type=&#8221;4_4&#8243; _builder_version=&#8221;4.3.2&#8243;][et_pb_text _builder_version=&#8221;4.3.2&#8243; header_2_font=&#8221;|800|||||||&#8221; header_2_text_align=&#8221;center&#8221; header_2_font_size=&#8221;65px&#8221; text_orientation=&#8221;center&#8221; custom_margin=&#8221;||5px||false|false&#8221; hover_enabled=&#8221;0&#8243; header_2_font_size_tablet=&#8221;&#8221; header_2_font_size_phone=&#8221;45px&#8221; header_2_font_size_last_edited=&#8221;on|desktop&#8221;]<\/p>\n<h2>Galleri<\/h2>\n<p>[\/et_pb_text][et_pb_divider color=&#8221;#ccc&#8221; divider_weight=&#8221;1px&#8221; _builder_version=&#8221;4.3.2&#8243; width=&#8221;80%&#8221; module_alignment=&#8221;center&#8221; custom_margin=&#8221;||0px||false|false&#8221;][\/et_pb_divider][\/et_pb_column][\/et_pb_row][et_pb_row use_custom_gutter=&#8221;on&#8221; gutter_width=&#8221;2&#8243; make_equal=&#8221;on&#8221; _builder_version=&#8221;4.3.2&#8243; max_width=&#8221;1222px&#8221;][et_pb_column type=&#8221;4_4&#8243; _builder_version=&#8221;4.3.2&#8243;][et_pb_gallery gallery_ids=&#8221;119,120,121,122,123,124,125,126,127,128&#8243; posts_number=&#8221;8&#8243; show_title_and_caption=&#8221;off&#8221; zoom_icon_color=&#8221;#ffffff&#8221; hover_overlay_color=&#8221;rgba(0,0,0,0.5)&#8221; hover_icon=&#8221;%%51%%&#8221; _builder_version=&#8221;4.3.2&#8243;][\/et_pb_gallery][\/et_pb_column][\/et_pb_row][\/et_pb_section][et_pb_section fb_built=&#8221;1&#8243; module_id=&#8221;kontakt&#8221; _builder_version=&#8221;4.3.2&#8243; background_enable_color=&#8221;off&#8221; use_background_color_gradient=&#8221;on&#8221; background_color_gradient_start=&#8221;rgba(0,43,23,0.88)&#8221; background_color_gradient_end=&#8221;rgba(0,0,0,0.92)&#8221; background_color_gradient_overlays_image=&#8221;on&#8221; background_image=&#8221;https:\/\/skargardensskogstjanst.fi\/wp-content\/uploads\/20190603_082704.jpg&#8221; custom_padding=&#8221;8vh||12vh||false|false&#8221;][et_pb_row _builder_version=&#8221;4.3.2&#8243;][et_pb_column type=&#8221;4_4&#8243; _builder_version=&#8221;4.3.2&#8243;][et_pb_text _builder_version=&#8221;4.3.2&#8243; header_2_font=&#8221;|800|||||||&#8221; header_2_text_align=&#8221;center&#8221; header_2_font_size=&#8221;65px&#8221; text_orientation=&#8221;center&#8221; custom_margin=&#8221;||5px||false|false&#8221; hover_enabled=&#8221;0&#8243; header_2_font_size_tablet=&#8221;&#8221; header_2_font_size_phone=&#8221;45px&#8221; header_2_font_size_last_edited=&#8221;on|desktop&#8221;]<\/p>\n<h2>Kontakt<\/h2>\n<p>[\/et_pb_text][et_pb_divider color=&#8221;#ccc&#8221; divider_weight=&#8221;1px&#8221; _builder_version=&#8221;4.3.2&#8243; width=&#8221;80%&#8221; module_alignment=&#8221;center&#8221; custom_margin=&#8221;||0px||false|false&#8221;][\/et_pb_divider][\/et_pb_column][\/et_pb_row][et_pb_row column_structure=&#8221;1_2,1_2&#8243; use_custom_gutter=&#8221;on&#8221; gutter_width=&#8221;2&#8243; _builder_version=&#8221;4.3.2&#8243;][et_pb_column type=&#8221;1_2&#8243; _builder_version=&#8221;4.3.2&#8243;][et_pb_text _builder_version=&#8221;4.3.2&#8243; header_2_font=&#8221;|600|||||||&#8221; custom_margin=&#8221;||5px||false|false&#8221;]<\/p>\n<h2>Sk\u00e4rg\u00e5rdens Skogstj\u00e4nst<\/h2>\n<p>[\/et_pb_text][et_pb_divider color=&#8221;#ccc&#8221; divider_weight=&#8221;1px&#8221; _builder_version=&#8221;4.3.2&#8243; width=&#8221;90%&#8221; module_alignment=&#8221;left&#8221; custom_margin=&#8221;||0px||false|false&#8221;][\/et_pb_divider][et_pb_blurb title=&#8221;Postadress\t&#8221; use_icon=&#8221;on&#8221; font_icon=&#8221;%%102%%&#8221; icon_color=&#8221;#ffffff&#8221; use_circle=&#8221;on&#8221; circle_color=&#8221;#00b760&#8243; icon_placement=&#8221;left&#8221; use_icon_font_size=&#8221;on&#8221; icon_font_size=&#8221;36px&#8221; _builder_version=&#8221;4.3.2&#8243; header_font=&#8221;|600|||||||&#8221; header_font_size=&#8221;24px&#8221; header_line_height=&#8221;0.8em&#8221; body_text_color=&#8221;#ffffff&#8221; body_font_size=&#8221;17px&#8221; custom_margin=&#8221;3vh||6vh||false|false&#8221;]<\/p>\n<p>H\u00e4llbrink 12<br \/> 21600 Pargas<\/p>\n<p>[\/et_pb_blurb][et_pb_blurb title=&#8221;Telefonnummer&#8221; use_icon=&#8221;on&#8221; font_icon=&#8221;%%104%%&#8221; icon_color=&#8221;#ffffff&#8221; use_circle=&#8221;on&#8221; circle_color=&#8221;#00b760&#8243; icon_placement=&#8221;left&#8221; use_icon_font_size=&#8221;on&#8221; icon_font_size=&#8221;36px&#8221; _builder_version=&#8221;4.3.2&#8243; header_font=&#8221;|600|||||||&#8221; header_font_size=&#8221;24px&#8221; header_line_height=&#8221;0.8em&#8221; body_text_color=&#8221;#ffffff&#8221; body_font_size=&#8221;17px&#8221; custom_margin=&#8221;||6vh||false|false&#8221; link_option_url=&#8221;tel:0451374045&#8243;]045 137 4045[\/et_pb_blurb][et_pb_blurb title=&#8221;E-postaddress&#8221; use_icon=&#8221;on&#8221; font_icon=&#8221;%%109%%&#8221; icon_color=&#8221;#ffffff&#8221; use_circle=&#8221;on&#8221; circle_color=&#8221;#00b760&#8243; icon_placement=&#8221;left&#8221; use_icon_font_size=&#8221;on&#8221; icon_font_size=&#8221;36px&#8221; _builder_version=&#8221;4.3.2&#8243; header_font=&#8221;|600|||||||&#8221; header_font_size=&#8221;24px&#8221; header_line_height=&#8221;0.8em&#8221; body_text_color=&#8221;#ffffff&#8221; body_font_size=&#8221;17px&#8221; custom_margin=&#8221;||4vh||false|false&#8221; link_option_url=&#8221;&#x6d;&#x61;&#105;l&#x74;&#x6f;&#x3a;&#115;k&#x61;&#x72;&#x67;&#97;r&#x64;&#x65;&#x6e;&#115;&#46;&#x73;&#x6b;&#x6f;&#103;s&#x74;&#x6a;&#x61;&#110;s&#x74;&#x40;&#x67;&#109;a&#x69;&#x6c;&#x2e;&#99;o&#x6d; &#8221;]s&#107;&#97;&#x72;&#x67;a&#114;&#100;&#x65;&#x6e;&#x73;&#46;&#115;&#107;&#x6f;&#x67;st&#106;&#x61;&#x6e;&#x73;t&#64;&#103;&#x6d;&#x61;il&#46;&#x63;&#x6f;&#x6d;[\/et_pb_blurb][\/et_pb_column][et_pb_column type=&#8221;1_2&#8243; _builder_version=&#8221;4.3.2&#8243;][et_pb_code _builder_version=&#8221;4.3.2&#8243; hover_enabled=&#8221;0&#8243; module_alignment_last_edited=&#8221;on|tablet&#8221; module_alignment_tablet=&#8221;center&#8221;]<iframe loading=\"lazy\" src=\"https:\/\/www.facebook.com\/plugins\/page.php?href=https%3A%2F%2Fwww.facebook.com%2FSk%25C3%25A4rg%25C3%25A5rdens-Skogstj%25C3%25A4nst-1209009059109697%2F&#038;tabs=timeline&#038;width=500&#038;height=600&#038;small_header=false&#038;adapt_container_width=true&#038;hide_cover=false&#038;show_facepile=false&#038;appId\" width=\"500\" height=\"600\" style=\"border:none;overflow:hidden\" scrolling=\"no\" frameborder=\"0\" allowTransparency=\"true\" allow=\"encrypted-media\"><\/iframe>[\/et_pb_code][\/et_pb_column][\/et_pb_row][\/et_pb_section]<\/p>\n","protected":false},"excerpt":{"rendered":"<p>Bild: Erik SaarelaSk\u00e4rg\u00e5rdens Skogstj\u00e4nst F\u00e4llning av problemtr\u00e4d med centralort Pargas, verksamhetsomr\u00e5det enligt kundens behov och i hela Sk\u00e4rg\u00e5rden.Vi f\u00e4ller alla problemtr\u00e4d &#8211; \u00e4ven de mest kr\u00e4vandeVi tar oss an\u00a0alla problemtr\u00e4d. Med kunskap, l\u00e4mplig och m\u00e5ngsidiutrustning f\u00e4ller vi, som yrkesm\u00e4n, problemtr\u00e4den ( t.ex ruttna \/skadade) \u00e4ven p\u00e5 kr\u00e4vande st\u00e4llen, s\u00e5som bredvid hus, el-linje eller vid v\u00e4gkanten. [&hellip;]<\/p>\n","protected":false},"author":1,"featured_media":0,"parent":0,"menu_order":0,"comment_status":"closed","ping_status":"closed","template":"","meta":{"_et_pb_use_builder":"on","_et_pb_old_content":"<h1>Yritys Oy<\/h1><h2>Yrityksen slogan<\/h2>","_et_gb_content_width":"","footnotes":""},"class_list":["post-129","page","type-page","status-publish","hentry"],"_links":{"self":[{"href":"https:\/\/skargardensskogstjanst.fi\/sv\/wp-json\/wp\/v2\/pages\/129","targetHints":{"allow":["GET"]}}],"collection":[{"href":"https:\/\/skargardensskogstjanst.fi\/sv\/wp-json\/wp\/v2\/pages"}],"about":[{"href":"https:\/\/skargardensskogstjanst.fi\/sv\/wp-json\/wp\/v2\/types\/page"}],"author":[{"embeddable":true,"href":"https:\/\/skargardensskogstjanst.fi\/sv\/wp-json\/wp\/v2\/users\/1"}],"replies":[{"embeddable":true,"href":"https:\/\/skargardensskogstjanst.fi\/sv\/wp-json\/wp\/v2\/comments?post=129"}],"version-history":[{"count":38,"href":"https:\/\/skargardensskogstjanst.fi\/sv\/wp-json\/wp\/v2\/pages\/129\/revisions"}],"predecessor-version":[{"id":273,"href":"https:\/\/skargardensskogstjanst.fi\/sv\/wp-json\/wp\/v2\/pages\/129\/revisions\/273"}],"wp:attachment":[{"href":"https:\/\/skargardensskogstjanst.fi\/sv\/wp-json\/wp\/v2\/media?parent=129"}],"curies":[{"name":"wp","href":"https:\/\/api.w.org\/{rel}","templated":true}]}}